{"id":3,"date":"2021-07-19T18:04:21","date_gmt":"2021-07-19T18:04:21","guid":{"rendered":"https:\/\/www.equalmedia.mx\/site\/?page_id=3"},"modified":"2022-04-08T21:56:25","modified_gmt":"2022-04-08T21:56:25","slug":"politica-de-privacidad","status":"publish","type":"page","link":"https:\/\/www.equalmedia.mx\/site\/politica-de-privacidad\/","title":{"rendered":"Pol\u00edtica de Privacidad"},"content":{"rendered":"\t\t<div data-elementor-type=\"wp-page\" data-elementor-id=\"3\" class=\"elementor elementor-3\" data-elementor-post-type=\"page\">\n\t\t\t\t\t\t<section class=\"elementor-section elementor-top-section elementor-element elementor-element-7e605c4f elementor-section-boxed elementor-section-height-default elementor-section-height-default\" data-id=\"7e605c4f\" data-element_type=\"section\">\n\t\t\t\t\t\t<div class=\"elementor-container elementor-column-gap-default\">\n\t\t\t\t\t<div class=\"elementor-column elementor-col-100 elementor-top-column elementor-element elementor-element-617a6e2\" data-id=\"617a6e2\" data-element_type=\"column\">\n\t\t\t<div class=\"elementor-widget-wrap elementor-element-populated\">\n\t\t\t\t\t\t<div class=\"elementor-element elementor-element-1afe8e3 elementor-widget elementor-widget-spacer\" data-id=\"1afe8e3\" data-element_type=\"widget\" data-widget_type=\"spacer.default\">\n\t\t\t\t<div class=\"elementor-widget-container\">\n\t\t\t\t\t\t\t<div class=\"elementor-spacer\">\n\t\t\t<div class=\"elementor-spacer-inner\"><\/div>\n\t\t<\/div>\n\t\t\t\t\t\t<\/div>\n\t\t\t\t<\/div>\n\t\t\t\t<div class=\"elementor-element elementor-element-6b962bb elementor-widget elementor-widget-heading\" data-id=\"6b962bb\" data-element_type=\"widget\" data-widget_type=\"heading.default\">\n\t\t\t\t<div class=\"elementor-widget-container\">\n\t\t\t\t\t<h2 class=\"elementor-heading-title elementor-size-default\">POL\u00cdTICA DE PRIVACIDAD<\/h2>\t\t\t\t<\/div>\n\t\t\t\t<\/div>\n\t\t\t\t<div class=\"elementor-element elementor-element-6f552240 elementor-widget elementor-widget-text-editor\" data-id=\"6f552240\" data-element_type=\"widget\" data-widget_type=\"text-editor.default\">\n\t\t\t\t<div class=\"elementor-widget-container\">\n\t\t\t\t\t\t\t\t\t\n<p>T\u00c9RMINOS DE PRIVACIDAD<\/p>\n<p>Protecci\u00f3n de datos personales<\/p>\n<p>Los Usuarios y Socios registrados de EQUAL MEDIA en el sitio de internet equalmedia.mx (en lo sucesivo \u201cel Sitio\u201d) se obligan y comprometen a usar y a navegar por el Sitio antes se\u00f1alado y a utilizar el contenido del mismo de buena fe y bajo su propia responsabilidad.<\/p>\n<p>Del mismo modo, hacemos de su conocimiento que el llenado de cualquier formulario existente en el Sitio o la remisi\u00f3n de un correo electr\u00f3nico a cualquiera de nuestros buzones implica la aceptaci\u00f3n de esta pol\u00edtica de privacidad, as\u00ed como la autorizaci\u00f3n a EQUAL MEDIA para que use y trate la informaci\u00f3n y datos personales que usted nos facilite para los fines a que haya lugar en relaci\u00f3n con el Sitio.<\/p>\n<p>Los datos de los Usuarios y Socios registrados en el Sitio de EQUAL MEDIA ser\u00e1n utilizados para el env\u00edo a trav\u00e9s de correo electr\u00f3nico de promociones y de las ventas que usted realice a trav\u00e9s de EQUAL MEDIA y para la entrega de las respectivas compras, sin mayor responsabilidad para EQUAL MEDIA.<\/p>\n<p>Por la mera visita al Sitio los Usuarios no facilitan informaci\u00f3n personal alguna ni quedan obligados a facilitarla. Solicitamos su informaci\u00f3n personal ya que nos ayuda a brindarle un mejor servicio y con ella podemos ofrecerle acceso a nuestra gama de productos y servicios. Enunciativa, m\u00e1s no limitativamente, dentro de la informaci\u00f3n que le solicitaremos, est\u00e1n su(s) nombre(s) y apellidos completos, direcci\u00f3n de correo electr\u00f3nico, tel\u00e9fonos, domicilio, datos de su tarjeta de cr\u00e9dito, d\u00e9bito o de la forma de pago que usted elija.<\/p>\n<p>El servidor en donde est\u00e1 alojado el Sitio utiliza cookies para mejorar el servicio prestado por EQUAL MEDIA. Estas cookies se instalan autom\u00e1ticamente en la computadora empleada por los Socios y Usuarios de EQUAL MEDIA pero no almacenan ning\u00fan tipo de informaci\u00f3n relativa a \u00e9stos.<\/p>\n<p>EQUAL MEDIA se compromete a guardar la m\u00e1xima protecci\u00f3n y confidencialidad sobre la informaci\u00f3n que usted nos facilite por medio del Sitio y a utilizarla \u00fanicamente para los fines indicados. Usted tambi\u00e9n puede ayudarnos a proteger la confidencialidad de su informaci\u00f3n. Le sugerimos cambiar su clave de acceso constantemente, as\u00ed como utilizar distintas combinaciones alfanum\u00e9ricas para la misma y utilizar servidores de internet seguros.<\/p>\n<p>Cuando se encuentre en el sitio y le pidan datos personales, usted compartir\u00e1 la informaci\u00f3n solo con EQUAL MEDIA salvo que se especifique lo contrario.<\/p>\n<p>EQUAL MEDIA no compartir\u00e1 la informaci\u00f3n confidencial con terceras partes, excepto que tenga expresa autorizaci\u00f3n de quienes se suscribieron, o cuando haya sido requerido por orden judicial para cumplir con las disposiciones procesales.<\/p>\n<p>EQUAL MEDIA no vende ni alquila la informaci\u00f3n de los usuarios. Si los datos personales del usuario debieran ser compartidos con socios comerciales o patrocinantes, el usuario ser\u00e1 notificado antes que \u00e9stos sean recogidos o transferidos. Si el usuario no desea que sus datos sean compartidos, puede decidir no utilizar un servicio determinado o no participar en algunas promociones o concursos.<\/p>\n<p>EQUAL MEDIA puede difundir las estad\u00edsticas en conjunto de los usuarios (por ejemplo, el porcentaje de nuestros usuarios que son hombres o mayores a determinada edad, etc.) para describir nuestros servicios y para otros prop\u00f3sitos l\u00edcitos en los casos que marque la ley.<\/p>\n<p>EQUAL MEDIA puede difundir la informaci\u00f3n de la cuenta en casos especiales cuando pensemos que proporcionar esta informaci\u00f3n puede servir para identificar, localizar o realizar acciones legales contra personas que pudiesen infringir las condiciones del servicio de los sitios de EQUAL MEDIA o causar da\u00f1os o interferencia sobre los derechos de EQUAL MEDIA o sus propiedades, de otros usuarios del sitio de EQUAL MEDIA o de cualquier otra persona que pudiese resultar perjudicada por dichas actividades. EQUAL MEDIA puede difundir u obtener acceso a la informaci\u00f3n de cuenta cuando, actuando de buena fe, creamos que es necesario por razones legales, administrativas o de otra \u00edndole y lo consideremos necesario para mantener, proporcionar y desarrollar nuestros productos y servicios.<\/p>\n<p>EQUAL MEDIA no asume ninguna obligaci\u00f3n de mantener confidencial cualquier otra informaci\u00f3n que el usuario proporcione, incluyendo aquella informaci\u00f3n que el usuario proporcione a trav\u00e9s de boletines y pl\u00e1ticas en l\u00ednea (chats), as\u00ed como la informaci\u00f3n que obtenga a trav\u00e9s de los cookies que se describieron anteriormente, lo anterior en t\u00e9rminos de lo establecido en el art\u00edculo 109 de la Ley Federal de los Derechos de Autor y de la fracci\u00f3n I, del art\u00edculo 76 bis de la Ley Federal de Protecci\u00f3n al Consumidor.<\/p>\n<p>EQUAL MEDIA presume que los datos han sido introducidos por su titular o por una persona autorizada por \u00e9ste, siendo en ambos casos mayores de edad, as\u00ed como que son verdaderos, correctos y exactos.<\/p>\n<p>Corresponde \u00fanica y exclusivamente a los Usuarios y Socios de EQUAL MEDIA la actualizaci\u00f3n de sus propios datos, sin responsabilidad alguna de EQUAL MEDIA En cualquier momento, el Usuario y\/o Socio tendr\u00e1 el derecho de acceder, rectificar, cancelar y oponerse a todos sus datos personales incluidos en los distintos formularios de alta. Para ejercer esta facultad el Usuario y\/o Socio deber\u00e1 acceder al apartado \u00abMi Cuenta\u00bb del Sitio. Por lo tanto, el Usuario y\/ o Socio es y en todo momento ser\u00e1 el \u00fanico y exclusivo responsable de la veracidad de los datos que \u00e9ste introduzca en el Sitio y EQUAL MEDIA no ser\u00e1 responsable de la inexactitud de los datos personales de los Usuarios y\/o Socios.<\/p>\n<p>EQUAL MEDIA ha adoptado los niveles de seguridad adecuados a los datos facilitados por sus Usuarios y\/o Socios y, adem\u00e1s, ha instalado todos los medios y medidas a su alcance para evitar, en la medida de lo posible, la p\u00e9rdida, mal uso, alteraci\u00f3n, acceso no autorizado y extracci\u00f3n de los mismos, sin embargo, al aceptar las presentes Pol\u00edticas de Privacidad, el Usuario y\/o Socio expresamente acepta y reconoce que EQUAL MEDIA no ser\u00e1 responsable por el acceso y uso no autorizado de dicha informaci\u00f3n, o en violaci\u00f3n a los sistemas de seguridad que EQUAL MEDIA ha instalado por parte de terceros.<\/p>\n<p>A continuaci\u00f3n, EQUAL MEDIA le expondr\u00e1 brevemente los principios que rigen sus pol\u00edticas de privacidad y confidencialidad para la informaci\u00f3n proporcionada por los usuarios de sus servicios electr\u00f3nicos en l\u00ednea:<\/p>\n<p>a) EQUAL MEDIA \u00fanicamente recabara la informaci\u00f3n del socio que es necesaria para brindarle los servicios personalizados que se encuentran disponibles en sus sitios en Internet, la cual se utilizar\u00e1 \u00fanicamente para los fines que es solicitada.<\/p>\n<p>b) EQUAL MEDIA se esfuerza por asegurar la calidad de la informaci\u00f3n que se recaba sobre nuestros usuarios de servicios en l\u00ednea, particularmente cuando se haya obtenido a trav\u00e9s de alg\u00fan proveedor de informaci\u00f3n o de servicios.<\/p>\n<p><br \/>c) EQUAL MEDIA enfoca sus esfuerzos para ofrecer la tecnolog\u00eda m\u00e1s moderna y actualizada a fin de ofrecer a sus socios\/usuarios la mayor seguridad posible en el manejo y transferencia de la informaci\u00f3n que es requerida en los diversos procesos de requerimiento de datos.<\/p>\n<p><br \/>d) EQUAL MEDIA evita la divulgaci\u00f3n de informaci\u00f3n acerca del socio\/usuario, haci\u00e9ndolo \u00fanicamente respecto de aquellos datos que expresamente sean autorizados para ello.<br \/>e) En todo momento, EQUAL MEDIA est\u00e1 atento a las inquietudes que manifiesten nuestros socios\/usuarios respecto al manejo de la informaci\u00f3n que proporcionen para los diversos procesos en l\u00ednea.<\/p>\n<p><br \/>f) EQUAL MEDIA cuida de que estos principios de privacidad\/confidencialidad se extiendan al conjunto de relaciones comerciales al interior del grupo.<\/p>\n<p><br \/>g) EQUAL MEDIA comparte la responsabilidad del cuidado de la informaci\u00f3n con sus empleados, haci\u00e9ndolos copart\u00edcipes de los lineamientos expuestos en los documentos de \u00abPol\u00edticas de privacidad\u00bb.<\/p>\n<p>Sin embargo, y a pesar de contar cada d\u00eda con herramientas m\u00e1s seguras, la protecci\u00f3n de los datos enviados a trav\u00e9s de Internet no se puede garantizar al 100%; por lo que una vez recibidos, se har\u00e1 todo lo posible por salvaguardar la informaci\u00f3n.<\/p>\n\t\t\t\t\t\t\t\t<\/div>\n\t\t\t\t<\/div>\n\t\t\t\t<div class=\"elementor-element elementor-element-64bc946 elementor-widget elementor-widget-spacer\" data-id=\"64bc946\" data-element_type=\"widget\" data-widget_type=\"spacer.default\">\n\t\t\t\t<div class=\"elementor-widget-container\">\n\t\t\t\t\t\t\t<div class=\"elementor-spacer\">\n\t\t\t<div class=\"elementor-spacer-inner\"><\/div>\n\t\t<\/div>\n\t\t\t\t\t\t<\/div>\n\t\t\t\t<\/div>\n\t\t\t\t\t<\/div>\n\t\t<\/div>\n\t\t\t\t\t<\/div>\n\t\t<\/section>\n\t\t\t\t<\/div>\n\t\t","protected":false},"excerpt":{"rendered":"<p>POL\u00cdTICA DE PRIVACIDAD T\u00c9RMINOS DE PRIVACIDAD Protecci\u00f3n de datos personales Los Usuarios y Socios registrados de EQUAL MEDIA en el sitio de internet equalmedia.mx (en lo sucesivo \u201cel Sitio\u201d) se obligan y comprometen a usar y a navegar por el Sitio antes se\u00f1alado y a utilizar el contenido del mismo de buena fe y bajo [&hellip;]<\/p>\n","protected":false},"author":1,"featured_media":0,"parent":0,"menu_order":0,"comment_status":"closed","ping_status":"closed","template":"elementor_header_footer","meta":{"footnotes":""},"class_list":["post-3","page","type-page","status-publish","hentry"],"yoast_head":"<!-- This site is optimized with the Yoast SEO plugin v26.6 - https:\/\/yoast.com\/wordpress\/plugins\/seo\/ -->\n<title>Pol\u00edtica de Privacidad | Equal Media | Hagamos que Suceda<\/title>\n<meta name=\"description\" content=\"Conectamos el mensaje de tu banda musical con audiencias interesadas en conocerles | Te ayudamos a alcanzar tus objetivos | HAGAMOS QUE SUCEDA\" \/>\n<meta name=\"robots\" content=\"index, follow, max-snippet:-1, max-image-preview:large, max-video-preview:-1\" \/>\n<link rel=\"canonical\" href=\"https:\/\/www.equalmedia.mx\/site\/politica-de-privacidad\/\" \/>\n<meta property=\"og:locale\" content=\"es_ES\" \/>\n<meta property=\"og:type\" content=\"article\" \/>\n<meta property=\"og:title\" content=\"Pol\u00edtica de Privacidad | Equal Media | Hagamos que Suceda\" \/>\n<meta property=\"og:description\" content=\"Conectamos el mensaje de tu banda musical con audiencias interesadas en conocerles | Te ayudamos a alcanzar tus objetivos | HAGAMOS QUE SUCEDA\" \/>\n<meta property=\"og:url\" content=\"https:\/\/www.equalmedia.mx\/site\/politica-de-privacidad\/\" \/>\n<meta property=\"og:site_name\" content=\"EQUAL MUSIC | Cultura Latina en Movimiento\" \/>\n<meta property=\"article:modified_time\" content=\"2022-04-08T21:56:25+00:00\" \/>\n<meta name=\"twitter:card\" content=\"summary_large_image\" \/>\n<meta name=\"twitter:label1\" content=\"Tiempo de lectura\" \/>\n\t<meta name=\"twitter:data1\" content=\"6 minutos\" \/>\n<script type=\"application\/ld+json\" class=\"yoast-schema-graph\">{\"@context\":\"https:\/\/schema.org\",\"@graph\":[{\"@type\":\"WebPage\",\"@id\":\"https:\/\/www.equalmedia.mx\/site\/politica-de-privacidad\/\",\"url\":\"https:\/\/www.equalmedia.mx\/site\/politica-de-privacidad\/\",\"name\":\"Pol\u00edtica de Privacidad | Equal Media | Hagamos que Suceda\",\"isPartOf\":{\"@id\":\"https:\/\/www.equalmedia.mx\/site\/#website\"},\"datePublished\":\"2021-07-19T18:04:21+00:00\",\"dateModified\":\"2022-04-08T21:56:25+00:00\",\"description\":\"Conectamos el mensaje de tu banda musical con audiencias interesadas en conocerles | Te ayudamos a alcanzar tus objetivos | HAGAMOS QUE SUCEDA\",\"breadcrumb\":{\"@id\":\"https:\/\/www.equalmedia.mx\/site\/politica-de-privacidad\/#breadcrumb\"},\"inLanguage\":\"es\",\"potentialAction\":[{\"@type\":\"ReadAction\",\"target\":[\"https:\/\/www.equalmedia.mx\/site\/politica-de-privacidad\/\"]}]},{\"@type\":\"BreadcrumbList\",\"@id\":\"https:\/\/www.equalmedia.mx\/site\/politica-de-privacidad\/#breadcrumb\",\"itemListElement\":[{\"@type\":\"ListItem\",\"position\":1,\"name\":\"Inicio\",\"item\":\"https:\/\/www.equalmedia.mx\/site\/\"},{\"@type\":\"ListItem\",\"position\":2,\"name\":\"Pol\u00edtica de Privacidad\"}]},{\"@type\":\"WebSite\",\"@id\":\"https:\/\/www.equalmedia.mx\/site\/#website\",\"url\":\"https:\/\/www.equalmedia.mx\/site\/\",\"name\":\"EQUAL MUSIC | Cultura Latina en Movimiento\",\"description\":\"Ritmo en movimiento.\",\"publisher\":{\"@id\":\"https:\/\/www.equalmedia.mx\/site\/#organization\"},\"potentialAction\":[{\"@type\":\"SearchAction\",\"target\":{\"@type\":\"EntryPoint\",\"urlTemplate\":\"https:\/\/www.equalmedia.mx\/site\/?s={search_term_string}\"},\"query-input\":{\"@type\":\"PropertyValueSpecification\",\"valueRequired\":true,\"valueName\":\"search_term_string\"}}],\"inLanguage\":\"es\"},{\"@type\":\"Organization\",\"@id\":\"https:\/\/www.equalmedia.mx\/site\/#organization\",\"name\":\"EQUAL MUSIC | Cultura Latina en Movimiento\",\"url\":\"https:\/\/www.equalmedia.mx\/site\/\",\"logo\":{\"@type\":\"ImageObject\",\"inLanguage\":\"es\",\"@id\":\"https:\/\/www.equalmedia.mx\/site\/#\/schema\/logo\/image\/\",\"url\":\"https:\/\/www.equalmedia.mx\/site\/wp-content\/uploads\/2021\/07\/logoblanco.png\",\"contentUrl\":\"https:\/\/www.equalmedia.mx\/site\/wp-content\/uploads\/2021\/07\/logoblanco.png\",\"width\":1920,\"height\":589,\"caption\":\"EQUAL MUSIC | Cultura Latina en Movimiento\"},\"image\":{\"@id\":\"https:\/\/www.equalmedia.mx\/site\/#\/schema\/logo\/image\/\"}}]}<\/script>\n<!-- \/ Yoast SEO plugin. -->","yoast_head_json":{"title":"Pol\u00edtica de Privacidad | Equal Media | Hagamos que Suceda","description":"Conectamos el mensaje de tu banda musical con audiencias interesadas en conocerles | Te ayudamos a alcanzar tus objetivos | HAGAMOS QUE SUCEDA","robots":{"index":"index","follow":"follow","max-snippet":"max-snippet:-1","max-image-preview":"max-image-preview:large","max-video-preview":"max-video-preview:-1"},"canonical":"https:\/\/www.equalmedia.mx\/site\/politica-de-privacidad\/","og_locale":"es_ES","og_type":"article","og_title":"Pol\u00edtica de Privacidad | Equal Media | Hagamos que Suceda","og_description":"Conectamos el mensaje de tu banda musical con audiencias interesadas en conocerles | Te ayudamos a alcanzar tus objetivos | HAGAMOS QUE SUCEDA","og_url":"https:\/\/www.equalmedia.mx\/site\/politica-de-privacidad\/","og_site_name":"EQUAL MUSIC | Cultura Latina en Movimiento","article_modified_time":"2022-04-08T21:56:25+00:00","twitter_card":"summary_large_image","twitter_misc":{"Tiempo de lectura":"6 minutos"},"schema":{"@context":"https:\/\/schema.org","@graph":[{"@type":"WebPage","@id":"https:\/\/www.equalmedia.mx\/site\/politica-de-privacidad\/","url":"https:\/\/www.equalmedia.mx\/site\/politica-de-privacidad\/","name":"Pol\u00edtica de Privacidad | Equal Media | Hagamos que Suceda","isPartOf":{"@id":"https:\/\/www.equalmedia.mx\/site\/#website"},"datePublished":"2021-07-19T18:04:21+00:00","dateModified":"2022-04-08T21:56:25+00:00","description":"Conectamos el mensaje de tu banda musical con audiencias interesadas en conocerles | Te ayudamos a alcanzar tus objetivos | HAGAMOS QUE SUCEDA","breadcrumb":{"@id":"https:\/\/www.equalmedia.mx\/site\/politica-de-privacidad\/#breadcrumb"},"inLanguage":"es","potentialAction":[{"@type":"ReadAction","target":["https:\/\/www.equalmedia.mx\/site\/politica-de-privacidad\/"]}]},{"@type":"BreadcrumbList","@id":"https:\/\/www.equalmedia.mx\/site\/politica-de-privacidad\/#breadcrumb","itemListElement":[{"@type":"ListItem","position":1,"name":"Inicio","item":"https:\/\/www.equalmedia.mx\/site\/"},{"@type":"ListItem","position":2,"name":"Pol\u00edtica de Privacidad"}]},{"@type":"WebSite","@id":"https:\/\/www.equalmedia.mx\/site\/#website","url":"https:\/\/www.equalmedia.mx\/site\/","name":"EQUAL MUSIC | Cultura Latina en Movimiento","description":"Ritmo en movimiento.","publisher":{"@id":"https:\/\/www.equalmedia.mx\/site\/#organization"},"potentialAction":[{"@type":"SearchAction","target":{"@type":"EntryPoint","urlTemplate":"https:\/\/www.equalmedia.mx\/site\/?s={search_term_string}"},"query-input":{"@type":"PropertyValueSpecification","valueRequired":true,"valueName":"search_term_string"}}],"inLanguage":"es"},{"@type":"Organization","@id":"https:\/\/www.equalmedia.mx\/site\/#organization","name":"EQUAL MUSIC | Cultura Latina en Movimiento","url":"https:\/\/www.equalmedia.mx\/site\/","logo":{"@type":"ImageObject","inLanguage":"es","@id":"https:\/\/www.equalmedia.mx\/site\/#\/schema\/logo\/image\/","url":"https:\/\/www.equalmedia.mx\/site\/wp-content\/uploads\/2021\/07\/logoblanco.png","contentUrl":"https:\/\/www.equalmedia.mx\/site\/wp-content\/uploads\/2021\/07\/logoblanco.png","width":1920,"height":589,"caption":"EQUAL MUSIC | Cultura Latina en Movimiento"},"image":{"@id":"https:\/\/www.equalmedia.mx\/site\/#\/schema\/logo\/image\/"}}]}},"_links":{"self":[{"href":"https:\/\/www.equalmedia.mx\/site\/wp-json\/wp\/v2\/pages\/3","targetHints":{"allow":["GET"]}}],"collection":[{"href":"https:\/\/www.equalmedia.mx\/site\/wp-json\/wp\/v2\/pages"}],"about":[{"href":"https:\/\/www.equalmedia.mx\/site\/wp-json\/wp\/v2\/types\/page"}],"author":[{"embeddable":true,"href":"https:\/\/www.equalmedia.mx\/site\/wp-json\/wp\/v2\/users\/1"}],"replies":[{"embeddable":true,"href":"https:\/\/www.equalmedia.mx\/site\/wp-json\/wp\/v2\/comments?post=3"}],"version-history":[{"count":0,"href":"https:\/\/www.equalmedia.mx\/site\/wp-json\/wp\/v2\/pages\/3\/revisions"}],"wp:attachment":[{"href":"https:\/\/www.equalmedia.mx\/site\/wp-json\/wp\/v2\/media?parent=3"}],"curies":[{"name":"wp","href":"https:\/\/api.w.org\/{rel}","templated":true}]}}