{"id":5765,"date":"2022-04-19T19:48:09","date_gmt":"2022-04-19T19:48:09","guid":{"rendered":"https:\/\/www.equalmedia.mx\/site\/?post_type=product&#038;p=5765"},"modified":"2022-04-19T19:51:25","modified_gmt":"2022-04-19T19:51:25","slug":"equal-music-t-shirt-amdem","status":"publish","type":"product","link":"https:\/\/www.equalmedia.mx\/site\/product\/equal-music-t-shirt-amdem\/","title":{"rendered":"Equal Music T-Shirt AMDEM"},"content":{"rendered":"<p>Alienum phaedrum torquatos nec eu, vis detraxit periculis ex, nihil expetendis in mei. Mei an pericula euripidis, hinc partem ei est. Eos ei nisl graecis, vix aperiri consequat an. Eius lorem tincidunt vix at, vel pertinax sensibus id, error epiibu purto zril laoreet. Ex error omnium ii rationibus definiebas, eu qui purto zril laoreet. Ex error omnium interpretaris pro, alia illum ea vim.ibu purto zril laoreet. Ex error omnium i<\/p>\n","protected":false},"excerpt":{"rendered":"<p>Alienum phaedrum torquatos nec eu, vis detraxit periculis ex, nihil expetendis in mei. Mei an pericula euripidis, hinc partem ei est. Eos ei nisl graecis, vix aperiri consequat an. Eius lorem tincidunt vix at, vel pertinax sensibus id, error epicurei mea et. pro, alia illum ea vim.<\/p>\n","protected":false},"featured_media":5769,"comment_status":"open","ping_status":"closed","template":"","meta":[],"product_brand":[],"product_cat":[215],"product_tag":[],"class_list":{"0":"post-5765","1":"product","2":"type-product","3":"status-publish","4":"has-post-thumbnail","6":"product_cat-playeras","8":"first","9":"instock","10":"shipping-taxable","11":"purchasable","12":"product-type-variable"},"yoast_head":"<!-- This site is optimized with the Yoast SEO plugin v26.6 - https:\/\/yoast.com\/wordpress\/plugins\/seo\/ -->\n<title>Equal Music T-Shirt AMDEM | ENV\u00cdO A DOMICILIO | Tienda en L\u00ednea<\/title>\n<meta name=\"description\" content=\"Equal Music T-Shirt AMDEM | Conoce Nuestros Productos | Tienda en L\u00ednea | ENV\u00cdOS A TODO M\u00c9XICO | Equal Media Merchandise\" \/>\n<meta name=\"robots\" content=\"index, follow, max-snippet:-1, max-image-preview:large, max-video-preview:-1\" \/>\n<link rel=\"canonical\" href=\"https:\/\/www.equalmedia.mx\/site\/product\/equal-music-t-shirt-amdem\/\" \/>\n<meta property=\"og:locale\" content=\"es_ES\" \/>\n<meta property=\"og:type\" content=\"article\" \/>\n<meta property=\"og:title\" content=\"Equal Music T-Shirt AMDEM | ENV\u00cdO A DOMICILIO | Tienda en L\u00ednea\" \/>\n<meta property=\"og:description\" content=\"Equal Music T-Shirt AMDEM | Conoce Nuestros Productos | Tienda en L\u00ednea | ENV\u00cdOS A TODO M\u00c9XICO | Equal Media Merchandise\" \/>\n<meta property=\"og:url\" content=\"https:\/\/www.equalmedia.mx\/site\/product\/equal-music-t-shirt-amdem\/\" \/>\n<meta property=\"og:site_name\" content=\"EQUAL MUSIC | Cultura Latina en Movimiento\" \/>\n<meta property=\"article:modified_time\" content=\"2022-04-19T19:51:25+00:00\" \/>\n<meta property=\"og:image\" content=\"https:\/\/www.equalmedia.mx\/site\/wp-content\/uploads\/2022\/04\/WhatsApp-Image-2022-04-18-at-5.26.22-PM.jpeg\" \/>\n\t<meta property=\"og:image:width\" content=\"1280\" \/>\n\t<meta property=\"og:image:height\" content=\"1280\" \/>\n\t<meta property=\"og:image:type\" content=\"image\/jpeg\" \/>\n<meta name=\"twitter:card\" content=\"summary_large_image\" \/>\n<script type=\"application\/ld+json\" class=\"yoast-schema-graph\">{\"@context\":\"https:\/\/schema.org\",\"@graph\":[{\"@type\":\"WebPage\",\"@id\":\"https:\/\/www.equalmedia.mx\/site\/product\/equal-music-t-shirt-amdem\/\",\"url\":\"https:\/\/www.equalmedia.mx\/site\/product\/equal-music-t-shirt-amdem\/\",\"name\":\"Equal Music T-Shirt AMDEM | ENV\u00cdO A DOMICILIO | Tienda en L\u00ednea\",\"isPartOf\":{\"@id\":\"https:\/\/www.equalmedia.mx\/site\/#website\"},\"primaryImageOfPage\":{\"@id\":\"https:\/\/www.equalmedia.mx\/site\/product\/equal-music-t-shirt-amdem\/#primaryimage\"},\"image\":{\"@id\":\"https:\/\/www.equalmedia.mx\/site\/product\/equal-music-t-shirt-amdem\/#primaryimage\"},\"thumbnailUrl\":\"https:\/\/www.equalmedia.mx\/site\/wp-content\/uploads\/2022\/04\/WhatsApp-Image-2022-04-18-at-5.26.22-PM-e1650483157150.jpeg\",\"datePublished\":\"2022-04-19T19:48:09+00:00\",\"dateModified\":\"2022-04-19T19:51:25+00:00\",\"description\":\"Equal Music T-Shirt AMDEM | Conoce Nuestros Productos | Tienda en L\u00ednea | ENV\u00cdOS A TODO M\u00c9XICO | Equal Media Merchandise\",\"breadcrumb\":{\"@id\":\"https:\/\/www.equalmedia.mx\/site\/product\/equal-music-t-shirt-amdem\/#breadcrumb\"},\"inLanguage\":\"es\",\"potentialAction\":[{\"@type\":\"ReadAction\",\"target\":[\"https:\/\/www.equalmedia.mx\/site\/product\/equal-music-t-shirt-amdem\/\"]}]},{\"@type\":\"ImageObject\",\"inLanguage\":\"es\",\"@id\":\"https:\/\/www.equalmedia.mx\/site\/product\/equal-music-t-shirt-amdem\/#primaryimage\",\"url\":\"https:\/\/www.equalmedia.mx\/site\/wp-content\/uploads\/2022\/04\/WhatsApp-Image-2022-04-18-at-5.26.22-PM-e1650483157150.jpeg\",\"contentUrl\":\"https:\/\/www.equalmedia.mx\/site\/wp-content\/uploads\/2022\/04\/WhatsApp-Image-2022-04-18-at-5.26.22-PM-e1650483157150.jpeg\",\"width\":889,\"height\":1280},{\"@type\":\"BreadcrumbList\",\"@id\":\"https:\/\/www.equalmedia.mx\/site\/product\/equal-music-t-shirt-amdem\/#breadcrumb\",\"itemListElement\":[{\"@type\":\"ListItem\",\"position\":1,\"name\":\"Inicio\",\"item\":\"https:\/\/www.equalmedia.mx\/site\/\"},{\"@type\":\"ListItem\",\"position\":2,\"name\":\"Shop\",\"item\":\"https:\/\/www.equalmedia.mx\/site\/shop\/\"},{\"@type\":\"ListItem\",\"position\":3,\"name\":\"Equal Music T-Shirt AMDEM\"}]},{\"@type\":\"WebSite\",\"@id\":\"https:\/\/www.equalmedia.mx\/site\/#website\",\"url\":\"https:\/\/www.equalmedia.mx\/site\/\",\"name\":\"EQUAL MUSIC | Cultura Latina en Movimiento\",\"description\":\"Ritmo en movimiento.\",\"publisher\":{\"@id\":\"https:\/\/www.equalmedia.mx\/site\/#organization\"},\"potentialAction\":[{\"@type\":\"SearchAction\",\"target\":{\"@type\":\"EntryPoint\",\"urlTemplate\":\"https:\/\/www.equalmedia.mx\/site\/?s={search_term_string}\"},\"query-input\":{\"@type\":\"PropertyValueSpecification\",\"valueRequired\":true,\"valueName\":\"search_term_string\"}}],\"inLanguage\":\"es\"},{\"@type\":\"Organization\",\"@id\":\"https:\/\/www.equalmedia.mx\/site\/#organization\",\"name\":\"EQUAL MUSIC | Cultura Latina en Movimiento\",\"url\":\"https:\/\/www.equalmedia.mx\/site\/\",\"logo\":{\"@type\":\"ImageObject\",\"inLanguage\":\"es\",\"@id\":\"https:\/\/www.equalmedia.mx\/site\/#\/schema\/logo\/image\/\",\"url\":\"https:\/\/www.equalmedia.mx\/site\/wp-content\/uploads\/2021\/07\/logoblanco.png\",\"contentUrl\":\"https:\/\/www.equalmedia.mx\/site\/wp-content\/uploads\/2021\/07\/logoblanco.png\",\"width\":1920,\"height\":589,\"caption\":\"EQUAL MUSIC | Cultura Latina en Movimiento\"},\"image\":{\"@id\":\"https:\/\/www.equalmedia.mx\/site\/#\/schema\/logo\/image\/\"}}]}<\/script>\n<!-- \/ Yoast SEO plugin. -->","yoast_head_json":{"title":"Equal Music T-Shirt AMDEM | ENV\u00cdO A DOMICILIO | Tienda en L\u00ednea","description":"Equal Music T-Shirt AMDEM | Conoce Nuestros Productos | Tienda en L\u00ednea | ENV\u00cdOS A TODO M\u00c9XICO | Equal Media Merchandise","robots":{"index":"index","follow":"follow","max-snippet":"max-snippet:-1","max-image-preview":"max-image-preview:large","max-video-preview":"max-video-preview:-1"},"canonical":"https:\/\/www.equalmedia.mx\/site\/product\/equal-music-t-shirt-amdem\/","og_locale":"es_ES","og_type":"article","og_title":"Equal Music T-Shirt AMDEM | ENV\u00cdO A DOMICILIO | Tienda en L\u00ednea","og_description":"Equal Music T-Shirt AMDEM | Conoce Nuestros Productos | Tienda en L\u00ednea | ENV\u00cdOS A TODO M\u00c9XICO | Equal Media Merchandise","og_url":"https:\/\/www.equalmedia.mx\/site\/product\/equal-music-t-shirt-amdem\/","og_site_name":"EQUAL MUSIC | Cultura Latina en Movimiento","article_modified_time":"2022-04-19T19:51:25+00:00","og_image":[{"width":1280,"height":1280,"url":"https:\/\/www.equalmedia.mx\/site\/wp-content\/uploads\/2022\/04\/WhatsApp-Image-2022-04-18-at-5.26.22-PM.jpeg","type":"image\/jpeg"}],"twitter_card":"summary_large_image","schema":{"@context":"https:\/\/schema.org","@graph":[{"@type":"WebPage","@id":"https:\/\/www.equalmedia.mx\/site\/product\/equal-music-t-shirt-amdem\/","url":"https:\/\/www.equalmedia.mx\/site\/product\/equal-music-t-shirt-amdem\/","name":"Equal Music T-Shirt AMDEM | ENV\u00cdO A DOMICILIO | Tienda en L\u00ednea","isPartOf":{"@id":"https:\/\/www.equalmedia.mx\/site\/#website"},"primaryImageOfPage":{"@id":"https:\/\/www.equalmedia.mx\/site\/product\/equal-music-t-shirt-amdem\/#primaryimage"},"image":{"@id":"https:\/\/www.equalmedia.mx\/site\/product\/equal-music-t-shirt-amdem\/#primaryimage"},"thumbnailUrl":"https:\/\/www.equalmedia.mx\/site\/wp-content\/uploads\/2022\/04\/WhatsApp-Image-2022-04-18-at-5.26.22-PM-e1650483157150.jpeg","datePublished":"2022-04-19T19:48:09+00:00","dateModified":"2022-04-19T19:51:25+00:00","description":"Equal Music T-Shirt AMDEM | Conoce Nuestros Productos | Tienda en L\u00ednea | ENV\u00cdOS A TODO M\u00c9XICO | Equal Media Merchandise","breadcrumb":{"@id":"https:\/\/www.equalmedia.mx\/site\/product\/equal-music-t-shirt-amdem\/#breadcrumb"},"inLanguage":"es","potentialAction":[{"@type":"ReadAction","target":["https:\/\/www.equalmedia.mx\/site\/product\/equal-music-t-shirt-amdem\/"]}]},{"@type":"ImageObject","inLanguage":"es","@id":"https:\/\/www.equalmedia.mx\/site\/product\/equal-music-t-shirt-amdem\/#primaryimage","url":"https:\/\/www.equalmedia.mx\/site\/wp-content\/uploads\/2022\/04\/WhatsApp-Image-2022-04-18-at-5.26.22-PM-e1650483157150.jpeg","contentUrl":"https:\/\/www.equalmedia.mx\/site\/wp-content\/uploads\/2022\/04\/WhatsApp-Image-2022-04-18-at-5.26.22-PM-e1650483157150.jpeg","width":889,"height":1280},{"@type":"BreadcrumbList","@id":"https:\/\/www.equalmedia.mx\/site\/product\/equal-music-t-shirt-amdem\/#breadcrumb","itemListElement":[{"@type":"ListItem","position":1,"name":"Inicio","item":"https:\/\/www.equalmedia.mx\/site\/"},{"@type":"ListItem","position":2,"name":"Shop","item":"https:\/\/www.equalmedia.mx\/site\/shop\/"},{"@type":"ListItem","position":3,"name":"Equal Music T-Shirt AMDEM"}]},{"@type":"WebSite","@id":"https:\/\/www.equalmedia.mx\/site\/#website","url":"https:\/\/www.equalmedia.mx\/site\/","name":"EQUAL MUSIC | Cultura Latina en Movimiento","description":"Ritmo en movimiento.","publisher":{"@id":"https:\/\/www.equalmedia.mx\/site\/#organization"},"potentialAction":[{"@type":"SearchAction","target":{"@type":"EntryPoint","urlTemplate":"https:\/\/www.equalmedia.mx\/site\/?s={search_term_string}"},"query-input":{"@type":"PropertyValueSpecification","valueRequired":true,"valueName":"search_term_string"}}],"inLanguage":"es"},{"@type":"Organization","@id":"https:\/\/www.equalmedia.mx\/site\/#organization","name":"EQUAL MUSIC | Cultura Latina en Movimiento","url":"https:\/\/www.equalmedia.mx\/site\/","logo":{"@type":"ImageObject","inLanguage":"es","@id":"https:\/\/www.equalmedia.mx\/site\/#\/schema\/logo\/image\/","url":"https:\/\/www.equalmedia.mx\/site\/wp-content\/uploads\/2021\/07\/logoblanco.png","contentUrl":"https:\/\/www.equalmedia.mx\/site\/wp-content\/uploads\/2021\/07\/logoblanco.png","width":1920,"height":589,"caption":"EQUAL MUSIC | Cultura Latina en Movimiento"},"image":{"@id":"https:\/\/www.equalmedia.mx\/site\/#\/schema\/logo\/image\/"}}]}},"_links":{"self":[{"href":"https:\/\/www.equalmedia.mx\/site\/wp-json\/wp\/v2\/product\/5765","targetHints":{"allow":["GET"]}}],"collection":[{"href":"https:\/\/www.equalmedia.mx\/site\/wp-json\/wp\/v2\/product"}],"about":[{"href":"https:\/\/www.equalmedia.mx\/site\/wp-json\/wp\/v2\/types\/product"}],"replies":[{"embeddable":true,"href":"https:\/\/www.equalmedia.mx\/site\/wp-json\/wp\/v2\/comments?post=5765"}],"wp:featuredmedia":[{"embeddable":true,"href":"https:\/\/www.equalmedia.mx\/site\/wp-json\/wp\/v2\/media\/5769"}],"wp:attachment":[{"href":"https:\/\/www.equalmedia.mx\/site\/wp-json\/wp\/v2\/media?parent=5765"}],"wp:term":[{"taxonomy":"product_brand","embeddable":true,"href":"https:\/\/www.equalmedia.mx\/site\/wp-json\/wp\/v2\/product_brand?post=5765"},{"taxonomy":"product_cat","embeddable":true,"href":"https:\/\/www.equalmedia.mx\/site\/wp-json\/wp\/v2\/product_cat?post=5765"},{"taxonomy":"product_tag","embeddable":true,"href":"https:\/\/www.equalmedia.mx\/site\/wp-json\/wp\/v2\/product_tag?post=5765"}],"curies":[{"name":"wp","href":"https:\/\/api.w.org\/{rel}","templated":true}]}}